{"id":692,"date":"2025-02-03T11:09:09","date_gmt":"2025-02-03T10:09:09","guid":{"rendered":"https:\/\/uss.rs\/2026\/?page_id=692"},"modified":"2026-04-16T18:50:25","modified_gmt":"2026-04-16T17:50:25","slug":"odbori-kongresa","status":"publish","type":"page","link":"https:\/\/uss.rs\/2026\/odbori-kongresa\/","title":{"rendered":"Odbor kongresa"},"content":{"rendered":"\t\t<div data-elementor-type=\"wp-page\" data-elementor-id=\"692\" class=\"elementor elementor-692\" data-elementor-post-type=\"page\">\n\t\t\t\t<div class=\"elementor-element elementor-element-432100a e-flex e-con-boxed e-con e-parent\" data-id=\"432100a\" data-element_type=\"container\" data-e-type=\"container\" data-settings=\"{&quot;background_background&quot;:&quot;classic&quot;}\">\n\t\t\t\t\t<div class=\"e-con-inner\">\n\t\t\t\t<div class=\"elementor-element elementor-element-02a36c8 elementor-widget elementor-widget-heading\" data-id=\"02a36c8\" data-element_type=\"widget\" data-e-type=\"widget\" data-widget_type=\"heading.default\">\n\t\t\t\t<div class=\"elementor-widget-container\">\n\t\t\t\t\t<h1 class=\"elementor-heading-title elementor-size-default\">Odbori kongresa<\/h1>\t\t\t\t<\/div>\n\t\t\t\t<\/div>\n\t\t\t\t\t<\/div>\n\t\t\t\t<\/div>\n\t\t<div class=\"elementor-element elementor-element-0125f7d e-flex e-con-boxed e-con e-parent\" data-id=\"0125f7d\" data-element_type=\"container\" data-e-type=\"container\">\n\t\t\t\t\t<div class=\"e-con-inner\">\n\t\t<div class=\"elementor-element elementor-element-4b1a5bf e-con-full e-flex e-con e-child\" data-id=\"4b1a5bf\" data-element_type=\"container\" data-e-type=\"container\">\n\t\t\t\t<div class=\"elementor-element elementor-element-e81c714 elementor-widget elementor-widget-elementskit-heading\" data-id=\"e81c714\" data-element_type=\"widget\" data-e-type=\"widget\" data-widget_type=\"elementskit-heading.default\">\n\t\t\t\t<div class=\"elementor-widget-container\">\n\t\t\t\t\t<div class=\"ekit-wid-con\" ><div class=\"ekit-heading elementskit-section-title-wraper text_left   ekit_heading_tablet-   ekit_heading_mobile-\"><h2 class=\"ekit-heading--title elementskit-section-title  ekit-heading__title-has-border start\">NAU\u010cNI ODBOR KONGRESA<\/h2><\/div><\/div>\t\t\t\t<\/div>\n\t\t\t\t<\/div>\n\t\t\t\t<div class=\"elementor-element elementor-element-0cecff5 elementor-widget elementor-widget-text-editor\" data-id=\"0cecff5\" data-element_type=\"widget\" data-e-type=\"widget\" data-widget_type=\"text-editor.default\">\n\t\t\t\t<div class=\"elementor-widget-container\">\n\t\t\t\t\t\t\t\t\t<p><strong>Prof. dr Vitomir Konstantinovi\u0107<\/strong> &#8211; <strong>PREDSEDNIK KONGRESA I NAU\u010cNOG ODBORA<\/strong><\/p><p>Prof. dr Tatjana Savi\u0107 Stankovi\u0107<br \/>Prof. dr Reha Kisnisci<br \/>Prof. dr Zoran Vlahovi\u0107<br \/>Prof. dr Hani Salam<br \/>Prof. dr Danimir Jevremovi\u0107<br \/>Prof. dr Nikola Stojanovi\u0107<br \/>Prof. dr Hakki Tanyeri<br \/>Doc. dr Aleksandra \u017du\u017ea<br \/>Prof. dr Aleksandar Todorovi\u0107<br \/>Prof. dr Altan Varol<br \/>Doc. dr Zoran \u0160u\u0161ak<br \/>Dr sci Sa\u0161a Dabi\u0107, dr.med.dent.<br \/>Dr sc. Hrvoje Pezo, dr med. dent.<\/p>\t\t\t\t\t\t\t\t<\/div>\n\t\t\t\t<\/div>\n\t\t\t\t<\/div>\n\t\t<div class=\"elementor-element elementor-element-23be878 e-con-full e-flex e-con e-child\" data-id=\"23be878\" data-element_type=\"container\" data-e-type=\"container\">\n\t\t\t\t<div class=\"elementor-element elementor-element-25371c1 elementor-widget elementor-widget-elementskit-heading\" data-id=\"25371c1\" data-element_type=\"widget\" data-e-type=\"widget\" data-widget_type=\"elementskit-heading.default\">\n\t\t\t\t<div class=\"elementor-widget-container\">\n\t\t\t\t\t<div class=\"ekit-wid-con\" ><div class=\"ekit-heading elementskit-section-title-wraper text_left   ekit_heading_tablet-   ekit_heading_mobile-\"><h2 class=\"ekit-heading--title elementskit-section-title  ekit-heading__title-has-border start\">ORGANIZACIONI ODBOR KONGRESA<\/h2><\/div><\/div>\t\t\t\t<\/div>\n\t\t\t\t<\/div>\n\t\t\t\t<div class=\"elementor-element elementor-element-13d1462 elementor-widget elementor-widget-text-editor\" data-id=\"13d1462\" data-element_type=\"widget\" data-e-type=\"widget\" data-widget_type=\"text-editor.default\">\n\t\t\t\t<div class=\"elementor-widget-container\">\n\t\t\t\t\t\t\t\t\t<p><strong>dr Lana \u010cepi\u0107, PhD \u2013 PREDSEDNICA ORGANIZACIONOG ODBORA<\/strong><\/p><p class=\"Default\">Dr Marko Gojni\u0107<br \/>Dr Jelena Bulaji\u0107<br \/>Prim. dr Aleksandar Oroz<br \/>Dr Sini\u0161a Kova\u010devi\u0107<br \/>Dr Milica Manita\u0161evi\u0107<br \/>Dr Du\u0161an Milju\u0161<br \/>Dr Jovan Cabunac<br \/>Dr Filip Ivanjac <br \/>Dr Dragan Koci\u0107<br \/>Ass.dr Fedor Popovi\u0107<br \/>Dr Bernarda Me\u0161trovi\u0107<br \/>Dr Mitar \u0110or\u0111evi\u0107<\/p>\t\t\t\t\t\t\t\t<\/div>\n\t\t\t\t<\/div>\n\t\t\t\t<div class=\"elementor-element elementor-element-b637e0d elementor-widget elementor-widget-elementskit-heading\" data-id=\"b637e0d\" data-element_type=\"widget\" data-e-type=\"widget\" data-widget_type=\"elementskit-heading.default\">\n\t\t\t\t<div class=\"elementor-widget-container\">\n\t\t\t\t\t<div class=\"ekit-wid-con\" ><div class=\"ekit-heading elementskit-section-title-wraper text_left   ekit_heading_tablet-   ekit_heading_mobile-\"><h2 class=\"ekit-heading--title elementskit-section-title  ekit-heading__title-has-border start\">PREDSEDNIK UDRU\u017dENJA ZA SAVREMENU STOMATOLOGIJU SRBIJE<\/h2><\/div><\/div>\t\t\t\t<\/div>\n\t\t\t\t<\/div>\n\t\t\t\t<div class=\"elementor-element elementor-element-b2e806e elementor-widget elementor-widget-text-editor\" data-id=\"b2e806e\" data-element_type=\"widget\" data-e-type=\"widget\" data-widget_type=\"text-editor.default\">\n\t\t\t\t<div class=\"elementor-widget-container\">\n\t\t\t\t\t\t\t\t\t<p><b>Filip \u010cepi\u0107<\/b><\/p>\t\t\t\t\t\t\t\t<\/div>\n\t\t\t\t<\/div>\n\t\t\t\t<\/div>\n\t\t\t\t\t<\/div>\n\t\t\t\t<\/div>\n\t\t<div class=\"elementor-element elementor-element-ccf2581 e-flex e-con-boxed e-con e-parent\" data-id=\"ccf2581\" data-element_type=\"container\" data-e-type=\"container\" data-settings=\"{&quot;background_background&quot;:&quot;classic&quot;}\">\n\t\t\t\t\t<div class=\"e-con-inner\">\n\t\t<div class=\"elementor-element elementor-element-278d24b e-con-full e-flex e-con e-child\" data-id=\"278d24b\" data-element_type=\"container\" data-e-type=\"container\">\n\t\t\t\t<div class=\"elementor-element elementor-element-edbccbb elementor-widget elementor-widget-elementskit-heading\" data-id=\"edbccbb\" data-element_type=\"widget\" data-e-type=\"widget\" data-widget_type=\"elementskit-heading.default\">\n\t\t\t\t<div class=\"elementor-widget-container\">\n\t\t\t\t\t<div class=\"ekit-wid-con\" ><div class=\"ekit-heading elementskit-section-title-wraper text_left   ekit_heading_tablet-   ekit_heading_mobile-\"><h2 class=\"ekit-heading--title elementskit-section-title  ekit-heading__title-has-border start\">TEHNI\u010cKI SEKRETARIJAT KONGRESA USSS<\/h2><\/div><\/div>\t\t\t\t<\/div>\n\t\t\t\t<\/div>\n\t\t\t\t<div class=\"elementor-element elementor-element-d499655 elementor-widget elementor-widget-text-editor\" data-id=\"d499655\" data-element_type=\"widget\" data-e-type=\"widget\" data-widget_type=\"text-editor.default\">\n\t\t\t\t<div class=\"elementor-widget-container\">\n\t\t\t\t\t\t\t\t\t<p>Miross BTA\/PCO\/DMC\/VEO<\/p><p>IATA No 95-22167 4<\/p><p>Adresa: Majke Jevrosime 19, 11000 Beograd<\/p><p>Tel: <a href=\"tel:+381 11 30 33 225\">+381 11 30 33 225<\/a>, <a href=\"tel:+381 11 30 33 226\">+381 11 30 33 226<\/a><\/p><p>Kontakt osoba: <strong>Jovana Jovanovi\u0107<\/strong><\/p><p>Email<strong>:\u00a0<a href=\"mailto:ussskongres@miross.rs\">ussskongres@miross.rs<\/a><\/strong><\/p>\t\t\t\t\t\t\t\t<\/div>\n\t\t\t\t<\/div>\n\t\t\t\t<\/div>\n\t\t<div class=\"elementor-element elementor-element-65ac8bf e-con-full e-flex e-con e-child\" data-id=\"65ac8bf\" data-element_type=\"container\" data-e-type=\"container\">\n\t\t\t\t<div class=\"elementor-element elementor-element-2b7c616 elementor-widget elementor-widget-image\" data-id=\"2b7c616\" data-element_type=\"widget\" data-e-type=\"widget\" data-widget_type=\"image.default\">\n\t\t\t\t<div class=\"elementor-widget-container\">\n\t\t\t\t\t\t\t\t\t\t\t\t\t\t\t<img fetchpriority=\"high\" decoding=\"async\" width=\"425\" height=\"149\" src=\"https:\/\/uss.rs\/2026\/wp-content\/uploads\/2025\/02\/miross-logo.svg\" class=\"attachment-full size-full wp-image-714\" alt=\"\" \/>\t\t\t\t\t\t\t\t\t\t\t\t\t\t\t<\/div>\n\t\t\t\t<\/div>\n\t\t\t\t<\/div>\n\t\t\t\t\t<\/div>\n\t\t\t\t<\/div>\n\t\t\t\t<\/div>\n\t\t","protected":false},"excerpt":{"rendered":"<p>Odbori kongresa NAU\u010cNI ODBOR KONGRESA Prof. dr Vitomir Konstantinovi\u0107 &#8211; PREDSEDNIK KONGRESA I NAU\u010cNOG ODBORA Prof. dr Tatjana Savi\u0107 Stankovi\u0107Prof. dr Reha KisnisciProf. dr Zoran Vlahovi\u0107Prof. dr Hani SalamProf. dr Danimir Jevremovi\u0107Prof. dr Nikola Stojanovi\u0107Prof. dr Hakki TanyeriDoc. dr Aleksandra \u017du\u017eaProf. dr Aleksandar Todorovi\u0107Prof. dr Altan VarolDoc. dr Zoran \u0160u\u0161akDr sci Sa\u0161a Dabi\u0107, dr.med.dent.Dr sc&#8230;.<\/p>\n","protected":false},"author":1,"featured_media":0,"parent":0,"menu_order":0,"comment_status":"closed","ping_status":"closed","template":"elementor_header_footer","meta":{"iawp_total_views":339,"footnotes":""},"class_list":["post-692","page","type-page","status-publish","hentry"],"_links":{"self":[{"href":"https:\/\/uss.rs\/2026\/wp-json\/wp\/v2\/pages\/692","targetHints":{"allow":["GET"]}}],"collection":[{"href":"https:\/\/uss.rs\/2026\/wp-json\/wp\/v2\/pages"}],"about":[{"href":"https:\/\/uss.rs\/2026\/wp-json\/wp\/v2\/types\/page"}],"author":[{"embeddable":true,"href":"https:\/\/uss.rs\/2026\/wp-json\/wp\/v2\/users\/1"}],"replies":[{"embeddable":true,"href":"https:\/\/uss.rs\/2026\/wp-json\/wp\/v2\/comments?post=692"}],"version-history":[{"count":129,"href":"https:\/\/uss.rs\/2026\/wp-json\/wp\/v2\/pages\/692\/revisions"}],"predecessor-version":[{"id":3703,"href":"https:\/\/uss.rs\/2026\/wp-json\/wp\/v2\/pages\/692\/revisions\/3703"}],"wp:attachment":[{"href":"https:\/\/uss.rs\/2026\/wp-json\/wp\/v2\/media?parent=692"}],"curies":[{"name":"wp","href":"https:\/\/api.w.org\/{rel}","templated":true}]}}