{"id":3673,"date":"2026-04-07T11:56:00","date_gmt":"2026-04-07T10:56:00","guid":{"rendered":"https:\/\/uss.rs\/2026\/?page_id=3673"},"modified":"2026-04-07T12:03:30","modified_gmt":"2026-04-07T11:03:30","slug":"e-posteri","status":"publish","type":"page","link":"https:\/\/uss.rs\/2026\/e-posteri\/","title":{"rendered":"E-posteri"},"content":{"rendered":"\t\t<div data-elementor-type=\"wp-page\" data-elementor-id=\"3673\" class=\"elementor elementor-3673\" data-elementor-post-type=\"page\">\n\t\t\t\t<div class=\"elementor-element elementor-element-432100a e-flex e-con-boxed e-con e-parent\" data-id=\"432100a\" data-element_type=\"container\" data-e-type=\"container\" data-settings=\"{&quot;background_background&quot;:&quot;classic&quot;}\">\n\t\t\t\t\t<div class=\"e-con-inner\">\n\t\t\t\t<div class=\"elementor-element elementor-element-02a36c8 elementor-widget elementor-widget-heading\" data-id=\"02a36c8\" data-element_type=\"widget\" data-e-type=\"widget\" data-widget_type=\"heading.default\">\n\t\t\t\t<div class=\"elementor-widget-container\">\n\t\t\t\t\t<h1 class=\"elementor-heading-title elementor-size-default\">E-posteri<\/h1>\t\t\t\t<\/div>\n\t\t\t\t<\/div>\n\t\t\t\t\t<\/div>\n\t\t\t\t<\/div>\n\t\t<div class=\"elementor-element elementor-element-cb5e1c7 e-flex e-con-boxed e-con e-parent\" data-id=\"cb5e1c7\" data-element_type=\"container\" data-e-type=\"container\">\n\t\t\t\t\t<div class=\"e-con-inner\">\n\t\t\t\t<div class=\"elementor-element elementor-element-e616171 elementor-widget elementor-widget-heading\" data-id=\"e616171\" data-element_type=\"widget\" data-e-type=\"widget\" data-widget_type=\"heading.default\">\n\t\t\t\t<div class=\"elementor-widget-container\">\n\t\t\t\t\t<h2 class=\"elementor-heading-title elementor-size-default\">Uputstvo za izradu E-postera<\/h2>\t\t\t\t<\/div>\n\t\t\t\t<\/div>\n\t\t\t\t<div class=\"elementor-element elementor-element-ef25e53 elementor-widget elementor-widget-text-editor\" data-id=\"ef25e53\" data-element_type=\"widget\" data-e-type=\"widget\" data-widget_type=\"text-editor.default\">\n\t\t\t\t<div class=\"elementor-widget-container\">\n\t\t\t\t\t\t\t\t\t<p>&#8211; Svi E-posteri u okviru ME\u0110UNARODNOG KONGRESA STOMOTALOGA SRBIJE \u0107e biti prikazani isklju\u010divo u digitalnoj formi<br \/>&#8211; E-poster podle\u017ee recenziji, a autori \u0107e blagovremeno biti obave\u0161teni o odluci Nau\u010dnog odbora Simpozijuma.<\/p>\t\t\t\t\t\t\t\t<\/div>\n\t\t\t\t<\/div>\n\t\t\t\t<div class=\"elementor-element elementor-element-a9397a8 elementor-widget elementor-widget-text-editor\" data-id=\"a9397a8\" data-element_type=\"widget\" data-e-type=\"widget\" data-widget_type=\"text-editor.default\">\n\t\t\t\t<div class=\"elementor-widget-container\">\n\t\t\t\t\t\t\t\t\t<p><strong>01. maj 2026. godine<\/strong> &#8211; Rok za prijavu apstrakata \/ e postera.<br \/><strong>08. maj 2026. godine<\/strong> &#8211; Rok za obave\u0161tenje o prihvatanju apstrakata \/ e postera.<br \/><strong>E-poster poslati na imejl adresu:\u00a0<\/strong><a href=\"mailto:ussskongres@miross.rs\">ussskongres@miross.rs<\/a><\/p>\t\t\t\t\t\t\t\t<\/div>\n\t\t\t\t<\/div>\n\t\t\t\t\t<\/div>\n\t\t\t\t<\/div>\n\t\t<div class=\"elementor-element elementor-element-ccf2581 e-flex e-con-boxed e-con e-parent\" data-id=\"ccf2581\" data-element_type=\"container\" data-e-type=\"container\" data-settings=\"{&quot;background_background&quot;:&quot;classic&quot;}\">\n\t\t\t\t\t<div class=\"e-con-inner\">\n\t\t<div class=\"elementor-element elementor-element-278d24b e-con-full e-flex e-con e-child\" data-id=\"278d24b\" data-element_type=\"container\" data-e-type=\"container\">\n\t\t\t\t<div class=\"elementor-element elementor-element-910da20 elementor-widget elementor-widget-text-editor\" data-id=\"910da20\" data-element_type=\"widget\" data-e-type=\"widget\" data-widget_type=\"text-editor.default\">\n\t\t\t\t<div class=\"elementor-widget-container\">\n\t\t\t\t\t\t\t\t\t<div data-id=\"c85dde1\" data-element_type=\"widget\" data-widget_type=\"text-editor.default\"><p><strong>Op\u0161te smernice<\/strong><\/p><p>&#8211; Prikaz e-postera je neophodno uraditi u <strong>horizontalnog orijentaciji<\/strong> (LANDSCAPE), sa proporcijom horizontalne i vertikalne strane od 16:9, minimalne rezolucije W 1920 x H1080 piksela u PDF ili JPEG format<\/p><p>&#8211; Prikaz kompletnog postera mora biti na samo <strong>jednoj strani<\/strong><\/p><p>&#8211; Dokument kao i svi grafi\u010dki prikazi kori\u0161\u0107eni u E-posteru, ne smeju biti u rezoluciji manjoj od 300dpi<\/p><p>\u00a0<\/p><p><strong>Format e-postera<\/strong><\/p><p>&#8211; Jednostrana .pdf datoteka, ili .jpg datoteka (rezolucije 1920&#215;1080).<\/p><p>\u00a0<\/p><p><strong>Veli\u010dina i izgled slova<\/strong><\/p><p>&#8211; Preporu\u010dena minimalna veli\u010dina slova: 8<\/p><p>&#8211; Izbegavati velike i zbijene blokove teksta (<strong>Va\u0161 poster ne sme da sadr\u017ei vi\u0161e od 800 re\u010di<\/strong>)<\/p><p>\u00a0<\/p><p><strong>Klju\u010dne informacije koje treba da sadr\u017ei e-poster:<\/strong><\/p><p>&#8211; Naslov,<\/p><p>&#8211; Ime, zanimanje, i dr\u017eavu autora,<\/p><p>&#8211; Sadr\u017eaj (uvod, cilj, rezultat, zaklju\u010dak),<\/p><p>&#8211; Izjava o odsustvu sukoba interesa autora<\/p><p>\u00a0<\/p><p><strong>Na e-posteru je zabranjeno:<\/strong><\/p><p>&#8211; <strong>NE SME<\/strong> se koristiti \u00a0zvani\u010dni logotipovi drugih kompanija,<\/p><p>&#8211; imenovanje lekova i medicinskih sredstava za\u0161ti\u0107enim nazivom (jedino je dozvoljeno kori\u0161\u0107enje <strong>generi\u010dkih imena<\/strong>)<\/p><p>&#8211; <strong>NE SME<\/strong> se koristiti video snimak ili animacija,<\/p><p>&#8211; Na e-posterima <strong>ne sme biti bilo kakav vid komercijalizacije<\/strong><\/p><p><strong>\u00a0<\/strong><\/p><p><strong>Slike<\/strong><\/p><p>&#8211; Dokument kao i svi grafi\u010dki prikazi kori\u0161\u0107eni u E-posteru, <strong>ne smeju biti u rezoluciji manjoj od 300dpi<\/strong><\/p><p>&#8211; Sve slike i grafici moraju koristit RGB paletu boja, ne CMYK,<\/p><p>&#8211; Kod slika velikog formata je neophodno smanjiti rezoluciju ili ih ise\u0107i na propisanu veli\u010dinu<\/p><p>&#8211; Izbegavajte slike niske rezolucije kod kojih dolazi do pikselizacije na monitoru<\/p><p><strong>\u00a0<\/strong><\/p><p><strong>E-poster poslati na imejl adresu: <\/strong><a href=\"mailto:ussskongres@miross.rs\">ussskongres@miross.rs<\/a><\/p><\/div>\t\t\t\t\t\t\t\t<\/div>\n\t\t\t\t<\/div>\n\t\t\t\t<div class=\"elementor-element elementor-element-66440d8 elementor-widget elementor-widget-text-editor\" data-id=\"66440d8\" data-element_type=\"widget\" data-e-type=\"widget\" data-widget_type=\"text-editor.default\">\n\t\t\t\t<div class=\"elementor-widget-container\">\n\t\t\t\t\t\t\t\t\t<div class=\"elementor-element elementor-element-c85dde1 elementor-widget elementor-widget-text-editor\" data-id=\"c85dde1\" data-element_type=\"widget\" data-widget_type=\"text-editor.default\"><div class=\"elementor-widget-container\"><p><strong>01. maj 2026. godine<\/strong> &#8211; Rok za prijavu apstrakata \/ e postera.<br \/><strong>08. maj 2026. godine<\/strong> &#8211; Rok za obave\u0161tenje o prihvatanju apstrakata \/ e postera.<\/p><\/div><\/div>\t\t\t\t\t\t\t\t<\/div>\n\t\t\t\t<\/div>\n\t\t\t\t<\/div>\n\t\t\t\t\t<\/div>\n\t\t\t\t<\/div>\n\t\t\t\t<\/div>\n\t\t","protected":false},"excerpt":{"rendered":"<p>E-posteri Uputstvo za izradu E-postera &#8211; Svi E-posteri u okviru ME\u0110UNARODNOG KONGRESA STOMOTALOGA SRBIJE \u0107e biti prikazani isklju\u010divo u digitalnoj formi&#8211; E-poster podle\u017ee recenziji, a autori \u0107e blagovremeno biti obave\u0161teni o odluci Nau\u010dnog odbora Simpozijuma. 01. maj 2026. godine &#8211; Rok za prijavu apstrakata \/ e postera.08. maj 2026. godine &#8211; Rok za obave\u0161tenje o&#8230;<\/p>\n","protected":false},"author":1,"featured_media":0,"parent":0,"menu_order":0,"comment_status":"closed","ping_status":"closed","template":"elementor_header_footer","meta":{"iawp_total_views":20,"footnotes":""},"class_list":["post-3673","page","type-page","status-publish","hentry"],"_links":{"self":[{"href":"https:\/\/uss.rs\/2026\/wp-json\/wp\/v2\/pages\/3673","targetHints":{"allow":["GET"]}}],"collection":[{"href":"https:\/\/uss.rs\/2026\/wp-json\/wp\/v2\/pages"}],"about":[{"href":"https:\/\/uss.rs\/2026\/wp-json\/wp\/v2\/types\/page"}],"author":[{"embeddable":true,"href":"https:\/\/uss.rs\/2026\/wp-json\/wp\/v2\/users\/1"}],"replies":[{"embeddable":true,"href":"https:\/\/uss.rs\/2026\/wp-json\/wp\/v2\/comments?post=3673"}],"version-history":[{"count":13,"href":"https:\/\/uss.rs\/2026\/wp-json\/wp\/v2\/pages\/3673\/revisions"}],"predecessor-version":[{"id":3689,"href":"https:\/\/uss.rs\/2026\/wp-json\/wp\/v2\/pages\/3673\/revisions\/3689"}],"wp:attachment":[{"href":"https:\/\/uss.rs\/2026\/wp-json\/wp\/v2\/media?parent=3673"}],"curies":[{"name":"wp","href":"https:\/\/api.w.org\/{rel}","templated":true}]}}