{"id":1165,"date":"2025-02-08T08:17:13","date_gmt":"2025-02-08T07:17:13","guid":{"rendered":"https:\/\/uss.rs\/2026\/?page_id=1165"},"modified":"2026-03-31T18:57:46","modified_gmt":"2026-03-31T17:57:46","slug":"cena-kotizacije","status":"publish","type":"page","link":"https:\/\/uss.rs\/2026\/cena-kotizacije\/","title":{"rendered":"Cena kotizacije"},"content":{"rendered":"\t\t<div data-elementor-type=\"wp-page\" data-elementor-id=\"1165\" class=\"elementor elementor-1165\" data-elementor-post-type=\"page\">\n\t\t\t\t<div class=\"elementor-element elementor-element-432100a e-flex e-con-boxed e-con e-parent\" data-id=\"432100a\" data-element_type=\"container\" data-e-type=\"container\" data-settings=\"{&quot;background_background&quot;:&quot;classic&quot;}\">\n\t\t\t\t\t<div class=\"e-con-inner\">\n\t\t\t\t<div class=\"elementor-element elementor-element-02a36c8 elementor-widget elementor-widget-heading\" data-id=\"02a36c8\" data-element_type=\"widget\" data-e-type=\"widget\" data-widget_type=\"heading.default\">\n\t\t\t\t<div class=\"elementor-widget-container\">\n\t\t\t\t\t<h1 class=\"elementor-heading-title elementor-size-default\">Cena kotizacije<\/h1>\t\t\t\t<\/div>\n\t\t\t\t<\/div>\n\t\t\t\t\t<\/div>\n\t\t\t\t<\/div>\n\t\t<div class=\"elementor-element elementor-element-cb5e1c7 e-flex e-con-boxed e-con e-parent\" data-id=\"cb5e1c7\" data-element_type=\"container\" data-e-type=\"container\">\n\t\t\t\t\t<div class=\"e-con-inner\">\n\t\t\t\t<div class=\"elementor-element elementor-element-e616171 elementor-widget elementor-widget-heading\" data-id=\"e616171\" data-element_type=\"widget\" data-e-type=\"widget\" data-widget_type=\"heading.default\">\n\t\t\t\t<div class=\"elementor-widget-container\">\n\t\t\t\t\t<h2 class=\"elementor-heading-title elementor-size-default\">Kotizacija za u\u010desnike iz Srbije<\/h2>\t\t\t\t<\/div>\n\t\t\t\t<\/div>\n\t\t\t\t<div class=\"elementor-element elementor-element-bdc511c elementor-widget elementor-widget-text-editor\" data-id=\"bdc511c\" data-element_type=\"widget\" data-e-type=\"widget\" data-widget_type=\"text-editor.default\">\n\t\t\t\t<div class=\"elementor-widget-container\">\n\t\t\t\t\t\t\t\t\t<table width=\"804\">\n<tbody>\n<tr>\n<td width=\"268\"><strong>U\u010desnici<\/strong><\/td>\n<td width=\"268\"><strong>Rana kotizacija<\/strong>\n\nuplate do 10.05.2026.<\/td>\n<td width=\"267\"><strong>Kasna kotizacija<\/strong>\n\nuplate nakon 11.05.2026.<\/td>\n<\/tr>\n<tr>\n<td width=\"268\">\n<div class=\"elementor-element elementor-element-1c5fdb8 e-con-full e-flex e-con e-child\" data-id=\"1c5fdb8\" data-element_type=\"container\">\n<div class=\"elementor-element elementor-element-fdff9ea elementor-widget elementor-widget-heading\" data-id=\"fdff9ea\" data-element_type=\"widget\" data-widget_type=\"heading.default\">\n<div class=\"elementor-widget-container\"><span class=\"elementor-heading-title elementor-size-default\">Stomatolozi \u2013 lekari<\/span><\/div>\n<\/div>\n<\/div><\/td>\n<td width=\"268\">14500,00 RSD<\/td>\n<td width=\"267\">18000,00RSD<\/td>\n<\/tr>\n<tr>\n<td width=\"268\">Medicinske sestre \u2013 tehi\u010dari \u2013 zdravstveni tehni\u010dari, zubni tehni\u010dari, stomatolo\u0161ke sestre<\/td>\n<td width=\"268\">7000,00 RSD<\/td>\n<td width=\"267\">8000 RSD<\/td>\n<\/tr>\n<tr>\n<td width=\"268\">Specijalizanti\/doktoranti<\/td>\n<td width=\"268\">9500,00 RSD<\/td>\n<td width=\"267\">12000 RSD<\/td>\n<\/tr>\n<\/tbody>\n<\/table>\t\t\t\t\t\t\t\t<\/div>\n\t\t\t\t<\/div>\n\t\t\t\t<div class=\"elementor-element elementor-element-ef25e53 elementor-widget elementor-widget-text-editor\" data-id=\"ef25e53\" data-element_type=\"widget\" data-e-type=\"widget\" data-widget_type=\"text-editor.default\">\n\t\t\t\t<div class=\"elementor-widget-container\">\n\t\t\t\t\t\t\t\t\t<div class=\"elementor-element elementor-element-c85dde1 elementor-widget elementor-widget-text-editor\" data-id=\"c85dde1\" data-element_type=\"widget\" data-widget_type=\"text-editor.default\"><div class=\"elementor-widget-container\"><p>Slanje prijava apstrakata \/ e postera: obavezno poslati naziv teme, apstrakt, ime, zanimanje i drzavu odakle dolaze autor i ko-autori rada na mail: <a href=\"mailto:ussskongres@miross.rs\">ussskongres@miross.rs<\/a><\/p><p><strong>01. maj 2026. godine<\/strong> &#8211; Rok za prijavu apstrakata \/ e postera.<br \/><strong>08. maj 2026. godine<\/strong> &#8211; Rok za obave\u0161tenje o prihvatanju apstrakata \/ e postera.<\/p><\/div><\/div>\t\t\t\t\t\t\t\t<\/div>\n\t\t\t\t<\/div>\n\t\t\t\t<div class=\"elementor-element elementor-element-2a85a0b elementor-align-center elementor-invisible elementor-widget elementor-widget-button\" data-id=\"2a85a0b\" data-element_type=\"widget\" data-e-type=\"widget\" data-settings=\"{&quot;_animation&quot;:&quot;fadeInDown&quot;,&quot;motion_fx_motion_fx_mouse&quot;:&quot;yes&quot;}\" data-widget_type=\"button.default\">\n\t\t\t\t<div class=\"elementor-widget-container\">\n\t\t\t\t\t\t\t\t\t<div class=\"elementor-button-wrapper\">\n\t\t\t\t\t<a class=\"elementor-button elementor-button-link elementor-size-sm\" href=\"https:\/\/louis.miross.rs\/public\/registration\/fded2cb8-94bf-4013-a0f0-e64cb3abbc8d?_locale=sr_Latn\" target=\"_blank\">\n\t\t\t\t\t\t<span class=\"elementor-button-content-wrapper\">\n\t\t\t\t\t\t\t\t\t<span class=\"elementor-button-text\">PRIJAVITE SE<\/span>\n\t\t\t\t\t<\/span>\n\t\t\t\t\t<\/a>\n\t\t\t\t<\/div>\n\t\t\t\t\t\t\t\t<\/div>\n\t\t\t\t<\/div>\n\t\t\t\t\t<\/div>\n\t\t\t\t<\/div>\n\t\t<div class=\"elementor-element elementor-element-ccf2581 e-flex e-con-boxed e-con e-parent\" data-id=\"ccf2581\" data-element_type=\"container\" data-e-type=\"container\" data-settings=\"{&quot;background_background&quot;:&quot;classic&quot;}\">\n\t\t\t\t\t<div class=\"e-con-inner\">\n\t\t<div class=\"elementor-element elementor-element-278d24b e-con-full e-flex e-con e-child\" data-id=\"278d24b\" data-element_type=\"container\" data-e-type=\"container\">\n\t\t\t\t<div class=\"elementor-element elementor-element-a6984e3 elementor-widget elementor-widget-heading\" data-id=\"a6984e3\" data-element_type=\"widget\" data-e-type=\"widget\" data-widget_type=\"heading.default\">\n\t\t\t\t<div class=\"elementor-widget-container\">\n\t\t\t\t\t<h2 class=\"elementor-heading-title elementor-size-default\">Kotizacija za u\u010desnike iz inostranstva<\/h2>\t\t\t\t<\/div>\n\t\t\t\t<\/div>\n\t\t\t\t<div class=\"elementor-element elementor-element-cf3d4c3 elementor-widget elementor-widget-text-editor\" data-id=\"cf3d4c3\" data-element_type=\"widget\" data-e-type=\"widget\" data-widget_type=\"text-editor.default\">\n\t\t\t\t<div class=\"elementor-widget-container\">\n\t\t\t\t\t\t\t\t\t<table width=\"804\">\n<tbody>\n<tr>\n<td width=\"268\"><strong>U\u010desnici<\/strong><\/td>\n<td width=\"268\"><strong>Rana kotizacija<\/strong>\n\nuplate do 10.05.2026.<\/td>\n<td width=\"267\"><strong>Kasna kotizacija<\/strong>\n\nuplate nakon 11.05.2026.<\/td>\n<\/tr>\n<tr>\n<td width=\"268\">\n<div class=\"elementor-element elementor-element-1c5fdb8 e-con-full e-flex e-con e-child\" data-id=\"1c5fdb8\" data-element_type=\"container\">\n<div class=\"elementor-element elementor-element-fdff9ea elementor-widget elementor-widget-heading\" data-id=\"fdff9ea\" data-element_type=\"widget\" data-widget_type=\"heading.default\">\n<div class=\"elementor-widget-container\"><span class=\"elementor-heading-title elementor-size-default\">Stomatolozi \u2013 lekari<\/span><\/div>\n<\/div>\n<\/div><\/td>\n<td width=\"268\">125 EUR<\/td>\n<td width=\"267\">155 EUR<\/td>\n<\/tr>\n<tr>\n<td width=\"268\">Medicinske sestre \u2013 tehi\u010dari \u2013 zdravstveni tehni\u010dari, zubni tehni\u010dari, stomatolo\u0161ke sestre<\/td>\n<td width=\"268\">60 EUR<\/td>\n<td width=\"267\">70 EUR<\/td>\n<\/tr>\n<tr>\n<td width=\"268\">Specijalizanti\/doktoranti<\/td>\n<td width=\"268\">80 EUR<\/td>\n<td width=\"267\">100 EUR<\/td>\n<\/tr>\n<\/tbody>\n<\/table>\t\t\t\t\t\t\t\t<\/div>\n\t\t\t\t<\/div>\n\t\t\t\t<div class=\"elementor-element elementor-element-910da20 elementor-widget elementor-widget-text-editor\" data-id=\"910da20\" data-element_type=\"widget\" data-e-type=\"widget\" data-widget_type=\"text-editor.default\">\n\t\t\t\t<div class=\"elementor-widget-container\">\n\t\t\t\t\t\t\t\t\t<div data-id=\"c85dde1\" data-element_type=\"widget\" data-widget_type=\"text-editor.default\"><div><p>*eur se obra\u010dunava prema dnevnom srednjem kursu NBS na dan prijave kotizacije.<\/p><\/div><\/div>\t\t\t\t\t\t\t\t<\/div>\n\t\t\t\t<\/div>\n\t\t\t\t<div class=\"elementor-element elementor-element-10842ae elementor-align-center elementor-invisible elementor-widget elementor-widget-button\" data-id=\"10842ae\" data-element_type=\"widget\" data-e-type=\"widget\" data-settings=\"{&quot;_animation&quot;:&quot;fadeInDown&quot;,&quot;motion_fx_motion_fx_mouse&quot;:&quot;yes&quot;}\" data-widget_type=\"button.default\">\n\t\t\t\t<div class=\"elementor-widget-container\">\n\t\t\t\t\t\t\t\t\t<div class=\"elementor-button-wrapper\">\n\t\t\t\t\t<a class=\"elementor-button elementor-button-link elementor-size-sm\" href=\"https:\/\/louis.miross.rs\/public\/registration\/fded2cb8-94bf-4013-a0f0-e64cb3abbc8d?_locale=sr_Latn\" target=\"_blank\">\n\t\t\t\t\t\t<span class=\"elementor-button-content-wrapper\">\n\t\t\t\t\t\t\t\t\t<span class=\"elementor-button-text\">PRIJAVITE SE<\/span>\n\t\t\t\t\t<\/span>\n\t\t\t\t\t<\/a>\n\t\t\t\t<\/div>\n\t\t\t\t\t\t\t\t<\/div>\n\t\t\t\t<\/div>\n\t\t\t\t<div class=\"elementor-element elementor-element-fe645ba elementor-widget elementor-widget-text-editor\" data-id=\"fe645ba\" data-element_type=\"widget\" data-e-type=\"widget\" data-widget_type=\"text-editor.default\">\n\t\t\t\t<div class=\"elementor-widget-container\">\n\t\t\t\t\t\t\t\t\t<div class=\"elementor-element elementor-element-c85dde1 elementor-widget elementor-widget-text-editor\" data-id=\"c85dde1\" data-element_type=\"widget\" data-widget_type=\"text-editor.default\"><div class=\"elementor-widget-container\"><p>*Kotizacija podrazumeva: ID kartice, torbu sa materijalom, kafe pauzu, obrok.<\/p><\/div><\/div><div class=\"elementor-element elementor-element-5f8247a elementor-widget elementor-widget-text-editor\" data-id=\"5f8247a\" data-element_type=\"widget\" data-widget_type=\"text-editor.default\"><div class=\"elementor-widget-container\"><p>**Potvrdu o specijalizaciji\/doktorskim studijama ili kopiju indeksa je neophodno dostaviti na emal\u00a0<strong><a href=\"mailto:ussskongres@miross.rs\">ussskongres@miross.rs<\/a><\/strong><br \/>\u00a0kako bi bio prihva\u0107en iznos kotizacije nazna\u010den u tabeli.<\/p><\/div><\/div><div class=\"elementor-element elementor-element-c9bcd3a elementor-widget elementor-widget-text-editor\" data-id=\"c9bcd3a\" data-element_type=\"widget\" data-widget_type=\"text-editor.default\"><div class=\"elementor-widget-container\"><p>OTKAZIVANJE I POVRA\u0106AJ SREDSTAVA ZA UPLA\u0106ENU KOTIZACIJU:<\/p><p>Informaciju o otkazivanju prisustva Kongresu mo\u017eete poslati na e-mail\u00a0<strong><a href=\"mailto:ussskongres@miross.rs\">ussskongres@miross.rs<\/a><\/strong> do 01. maja 2026. godine mogu\u0107a je refundacija kotizacije umanjena za 1.200 dinara (10 \u20ac za devizne uplate) na ime administrativnih tro\u0161kova. Od 15. maja 2026. godine, nije mogu\u0107e izvr\u0161iti povra\u0107aj upla\u0107enih sredstava.<\/p><\/div><\/div>\t\t\t\t\t\t\t\t<\/div>\n\t\t\t\t<\/div>\n\t\t\t\t<\/div>\n\t\t\t\t\t<\/div>\n\t\t\t\t<\/div>\n\t\t\t\t<\/div>\n\t\t","protected":false},"excerpt":{"rendered":"<p>Cena kotizacije Kotizacija za u\u010desnike iz Srbije U\u010desnici Rana kotizacija uplate do 10.05.2026. Kasna kotizacija uplate nakon 11.05.2026. Stomatolozi \u2013 lekari 14500,00 RSD 18000,00RSD Medicinske sestre \u2013 tehi\u010dari \u2013 zdravstveni tehni\u010dari, zubni tehni\u010dari, stomatolo\u0161ke sestre 7000,00 RSD 8000 RSD Specijalizanti\/doktoranti 9500,00 RSD 12000 RSD Slanje prijava apstrakata \/ e postera: obavezno poslati naziv teme, apstrakt,&#8230;<\/p>\n","protected":false},"author":1,"featured_media":0,"parent":0,"menu_order":0,"comment_status":"closed","ping_status":"closed","template":"elementor_header_footer","meta":{"iawp_total_views":582,"footnotes":""},"class_list":["post-1165","page","type-page","status-publish","hentry"],"_links":{"self":[{"href":"https:\/\/uss.rs\/2026\/wp-json\/wp\/v2\/pages\/1165","targetHints":{"allow":["GET"]}}],"collection":[{"href":"https:\/\/uss.rs\/2026\/wp-json\/wp\/v2\/pages"}],"about":[{"href":"https:\/\/uss.rs\/2026\/wp-json\/wp\/v2\/types\/page"}],"author":[{"embeddable":true,"href":"https:\/\/uss.rs\/2026\/wp-json\/wp\/v2\/users\/1"}],"replies":[{"embeddable":true,"href":"https:\/\/uss.rs\/2026\/wp-json\/wp\/v2\/comments?post=1165"}],"version-history":[{"count":101,"href":"https:\/\/uss.rs\/2026\/wp-json\/wp\/v2\/pages\/1165\/revisions"}],"predecessor-version":[{"id":3683,"href":"https:\/\/uss.rs\/2026\/wp-json\/wp\/v2\/pages\/1165\/revisions\/3683"}],"wp:attachment":[{"href":"https:\/\/uss.rs\/2026\/wp-json\/wp\/v2\/media?parent=1165"}],"curies":[{"name":"wp","href":"https:\/\/api.w.org\/{rel}","templated":true}]}}